{"id":2,"date":"2014-11-21T04:51:49","date_gmt":"2014-11-21T04:51:49","guid":{"rendered":"http:\/\/localhost\/wordpress-4.0.1\/wordpress\/?page_id=2"},"modified":"2022-02-28T13:09:58","modified_gmt":"2022-02-28T13:09:58","slug":"sample-page","status":"publish","type":"page","link":"https:\/\/lambrich.eu\/wp\/","title":{"rendered":""},"content":{"rendered":"<div id=\"pl-2\"  class=\"panel-layout\" ><div id=\"pg-2-0\"  class=\"panel-grid panel-has-style\" ><div style=\"padding: 0px 0; \" data-overlay=\"true\" data-overlay-color=\"#000000\" class=\"panel-row-style panel-row-style-for-2-0\" ><div id=\"pgc-2-0-0\"  class=\"panel-grid-cell panel-grid-cell-empty\" ><\/div><div id=\"pgc-2-0-1\"  class=\"panel-grid-cell\" ><div id=\"panel-2-0-1-0\" class=\"so-panel widget widget_sow-image panel-first-child panel-last-child\" data-index=\"0\" ><div style=\"text-align: left;\" data-title-color=\"#443f3f\" data-headings-color=\"#443f3f\" class=\"panel-widget-style panel-widget-style-for-2-0-1-0\" ><div\n\t\t\t\n\t\t\tclass=\"so-widget-sow-image so-widget-sow-image-default-dbf295114b96-2\"\n\t\t\t\n\t\t>\n<div class=\"sow-image-container\">\n\t\t<img \n\tsrc=\"https:\/\/lambrich.eu\/wp\/wp-content\/uploads\/2022\/02\/Bild1.jpg\" width=\"638\" height=\"429\" srcset=\"https:\/\/lambrich.eu\/wp\/wp-content\/uploads\/2022\/02\/Bild1.jpg 638w, https:\/\/lambrich.eu\/wp\/wp-content\/uploads\/2022\/02\/Bild1-300x202.jpg 300w, https:\/\/lambrich.eu\/wp\/wp-content\/uploads\/2022\/02\/Bild1-230x155.jpg 230w, https:\/\/lambrich.eu\/wp\/wp-content\/uploads\/2022\/02\/Bild1-350x235.jpg 350w, https:\/\/lambrich.eu\/wp\/wp-content\/uploads\/2022\/02\/Bild1-480x323.jpg 480w, https:\/\/lambrich.eu\/wp\/wp-content\/uploads\/2022\/02\/Bild1-272x182.jpg 272w\" sizes=\"(max-width: 638px) 100vw, 638px\" alt=\"\" \t\tclass=\"so-widget-image\"\/>\n\t<\/div>\n\n<\/div><\/div><\/div><\/div><div id=\"pgc-2-0-2\"  class=\"panel-grid-cell panel-grid-cell-empty\" ><\/div><div id=\"pgc-2-0-3\"  class=\"panel-grid-cell\" ><div id=\"panel-2-0-3-0\" class=\"so-panel widget widget_sow-image panel-first-child panel-last-child\" data-index=\"1\" ><div style=\"text-align: left;\" data-title-color=\"#443f3f\" data-headings-color=\"#443f3f\" class=\"panel-widget-style panel-widget-style-for-2-0-3-0\" ><div\n\t\t\t\n\t\t\tclass=\"so-widget-sow-image so-widget-sow-image-default-dbf295114b96-2\"\n\t\t\t\n\t\t>\n<div class=\"sow-image-container\">\n\t\t<img \n\tsrc=\"https:\/\/lambrich.eu\/wp\/wp-content\/uploads\/2022\/02\/Bild2.jpg\" width=\"429\" height=\"367\" srcset=\"https:\/\/lambrich.eu\/wp\/wp-content\/uploads\/2022\/02\/Bild2.jpg 429w, https:\/\/lambrich.eu\/wp\/wp-content\/uploads\/2022\/02\/Bild2-300x257.jpg 300w, https:\/\/lambrich.eu\/wp\/wp-content\/uploads\/2022\/02\/Bild2-230x197.jpg 230w, https:\/\/lambrich.eu\/wp\/wp-content\/uploads\/2022\/02\/Bild2-350x299.jpg 350w\" sizes=\"(max-width: 429px) 100vw, 429px\" alt=\"\" \t\tclass=\"so-widget-image\"\/>\n\t<\/div>\n\n<\/div><\/div><\/div><\/div><div id=\"pgc-2-0-4\"  class=\"panel-grid-cell panel-grid-cell-empty\" ><\/div><div id=\"pgc-2-0-5\"  class=\"panel-grid-cell panel-grid-cell-mobile-last\" ><div id=\"panel-2-0-5-0\" class=\"so-panel widget widget_sow-image panel-first-child panel-last-child\" data-index=\"2\" ><div style=\"text-align: left;\" data-title-color=\"#443f3f\" data-headings-color=\"#443f3f\" class=\"panel-widget-style panel-widget-style-for-2-0-5-0\" ><div\n\t\t\t\n\t\t\tclass=\"so-widget-sow-image so-widget-sow-image-default-dbf295114b96-2\"\n\t\t\t\n\t\t>\n<div class=\"sow-image-container\">\n\t\t<img \n\tsrc=\"https:\/\/lambrich.eu\/wp\/wp-content\/uploads\/2022\/02\/Bild3.jpg\" width=\"616\" height=\"445\" srcset=\"https:\/\/lambrich.eu\/wp\/wp-content\/uploads\/2022\/02\/Bild3.jpg 616w, https:\/\/lambrich.eu\/wp\/wp-content\/uploads\/2022\/02\/Bild3-300x217.jpg 300w, https:\/\/lambrich.eu\/wp\/wp-content\/uploads\/2022\/02\/Bild3-230x166.jpg 230w, https:\/\/lambrich.eu\/wp\/wp-content\/uploads\/2022\/02\/Bild3-350x253.jpg 350w, https:\/\/lambrich.eu\/wp\/wp-content\/uploads\/2022\/02\/Bild3-480x347.jpg 480w\" sizes=\"(max-width: 616px) 100vw, 616px\" alt=\"\" \t\tclass=\"so-widget-image\"\/>\n\t<\/div>\n\n<\/div><\/div><\/div><\/div><div id=\"pgc-2-0-6\"  class=\"panel-grid-cell panel-grid-cell-empty\" ><\/div><\/div><\/div><div id=\"pg-2-1\"  class=\"panel-grid panel-has-style\" ><div style=\"padding: 0px 0; \" data-overlay=\"true\" data-overlay-color=\"#000000\" class=\"panel-row-style panel-row-style-for-2-1\" ><div id=\"pgc-2-1-0\"  class=\"panel-grid-cell\" ><div id=\"panel-2-1-0-0\" class=\"so-panel widget widget_sow-editor panel-first-child panel-last-child\" data-index=\"3\" ><div style=\"text-align: left;\" data-title-color=\"#443f3f\" data-headings-color=\"#443f3f\" class=\"panel-widget-style panel-widget-style-for-2-1-0-0\" ><div\n\t\t\t\n\t\t\tclass=\"so-widget-sow-editor so-widget-sow-editor-base\"\n\t\t\t\n\t\t><h3 class=\"widget-title\">\u00dcbersetzungen<\/h3>\n<div class=\"siteorigin-widget-tinymce textwidget\">\n\t<p style=\"text-align: center;\">\u00dcbersetzung und Lokalisierung von B\u00fcchern und Software, die fachlich korrekt und sprachlich verst\u00e4ndlich sind.<\/p>\n<\/div>\n<\/div><\/div><\/div><\/div><div id=\"pgc-2-1-1\"  class=\"panel-grid-cell\" ><div id=\"panel-2-1-1-0\" class=\"so-panel widget widget_sow-editor panel-first-child panel-last-child\" data-index=\"4\" ><div style=\"text-align: left;\" data-title-color=\"#443f3f\" data-headings-color=\"#443f3f\" class=\"panel-widget-style panel-widget-style-for-2-1-1-0\" ><div\n\t\t\t\n\t\t\tclass=\"so-widget-sow-editor so-widget-sow-editor-base\"\n\t\t\t\n\t\t><h3 class=\"widget-title\">Online-Kurse<\/h3>\n<div class=\"siteorigin-widget-tinymce textwidget\">\n\t<p style=\"text-align: center;\">Konzeption, Lokalisierung und Umsetzung von Video-Trainings, nicht nur zu IT-Themen.<\/p>\n<\/div>\n<\/div><\/div><\/div><\/div><div id=\"pgc-2-1-2\"  class=\"panel-grid-cell\" ><div id=\"panel-2-1-2-0\" class=\"so-panel widget widget_sow-editor panel-first-child panel-last-child\" data-index=\"5\" ><div style=\"text-align: left;\" data-title-color=\"#443f3f\" data-headings-color=\"#443f3f\" class=\"panel-widget-style panel-widget-style-for-2-1-2-0\" ><div\n\t\t\t\n\t\t\tclass=\"so-widget-sow-editor so-widget-sow-editor-base\"\n\t\t\t\n\t\t><h3 class=\"widget-title\">Dokumentationen<\/h3>\n<div class=\"siteorigin-widget-tinymce textwidget\">\n\t<p style=\"text-align: center;\">Pr\u00e4zise, gut verst\u00e4ndliche und leicht umsetzbare Beschreibungen.<\/p>\n<\/div>\n<\/div><\/div><\/div><\/div><\/div><\/div><div id=\"pg-2-2\"  class=\"panel-grid panel-has-style\" ><div style=\"padding: 20px 0; \" data-overlay=\"true\" data-overlay-color=\"#000000\" class=\"panel-row-style panel-row-style-for-2-2\" ><div id=\"pgc-2-2-0\"  class=\"panel-grid-cell\" ><div id=\"panel-2-2-0-0\" class=\"so-panel widget widget_sow-image panel-first-child\" data-index=\"6\" ><div style=\"text-align: left;\" data-title-color=\"#443f3f\" data-headings-color=\"#443f3f\" class=\"panel-widget-style panel-widget-style-for-2-2-0-0\" ><div\n\t\t\t\n\t\t\tclass=\"so-widget-sow-image so-widget-sow-image-default-6ec9e3772f75-2\"\n\t\t\t\n\t\t>\n<div class=\"sow-image-container\">\n\t\t\t<a href=\"#ZurPerson\"\n\t\t\t\t\t>\n\t\t\t<img \n\tsrc=\"https:\/\/lambrich.eu\/wp\/wp-content\/uploads\/2022\/02\/Sabine-breitformat-2-e1646046764149.jpg\" width=\"1280\" height=\"537\" srcset=\"https:\/\/lambrich.eu\/wp\/wp-content\/uploads\/2022\/02\/Sabine-breitformat-2-e1646046764149.jpg 1280w, https:\/\/lambrich.eu\/wp\/wp-content\/uploads\/2022\/02\/Sabine-breitformat-2-e1646046764149-300x126.jpg 300w, https:\/\/lambrich.eu\/wp\/wp-content\/uploads\/2022\/02\/Sabine-breitformat-2-e1646046764149-1024x430.jpg 1024w, https:\/\/lambrich.eu\/wp\/wp-content\/uploads\/2022\/02\/Sabine-breitformat-2-e1646046764149-768x322.jpg 768w, https:\/\/lambrich.eu\/wp\/wp-content\/uploads\/2022\/02\/Sabine-breitformat-2-e1646046764149-920x386.jpg 920w, https:\/\/lambrich.eu\/wp\/wp-content\/uploads\/2022\/02\/Sabine-breitformat-2-e1646046764149-230x96.jpg 230w, https:\/\/lambrich.eu\/wp\/wp-content\/uploads\/2022\/02\/Sabine-breitformat-2-e1646046764149-350x147.jpg 350w, https:\/\/lambrich.eu\/wp\/wp-content\/uploads\/2022\/02\/Sabine-breitformat-2-e1646046764149-480x201.jpg 480w\" sizes=\"(max-width: 1280px) 100vw, 1280px\" title=\"Sabine breitformat 2\" alt=\"\" \t\tclass=\"so-widget-image\"\/>\n\t\t\t<\/a><\/div>\n\n<\/div><\/div><\/div><div id=\"panel-2-2-0-1\" class=\"so-panel widget widget_black-studio-tinymce widget_black_studio_tinymce panel-last-child\" data-index=\"7\" ><div style=\"text-align: left;\" data-title-color=\"#443f3f\" data-headings-color=\"#443f3f\" class=\"panel-widget-style panel-widget-style-for-2-2-0-1\" ><div class=\"textwidget\"><p><a href=\"#ZurPerson\"><span style=\"color: #333333;\">Mehr zur Person ...<\/span><\/a><\/p>\n<\/div><\/div><\/div><\/div><div id=\"pgc-2-2-1\"  class=\"panel-grid-cell\" ><div id=\"panel-2-2-1-0\" class=\"so-panel widget widget_black-studio-tinymce widget_black_studio_tinymce panel-first-child\" data-index=\"8\" ><div style=\"text-align: left;\" data-title-color=\"#443f3f\" data-headings-color=\"#443f3f\" class=\"panel-widget-style panel-widget-style-for-2-2-1-0\" ><h3 class=\"widget-title\">Sabine Lambrich<\/h3><div class=\"textwidget\"><h4 style=\"text-align: left;\"><span style=\"color: #000000;\"><a style=\"color: #000000;\" href=\"#ZurPerson\">... \u00fcbersetzt B\u00fccher, Software &amp; IT-Themen.<\/a><\/span><\/h4>\n<h4 style=\"text-align: left;\"><span style=\"color: #000000;\"><a style=\"color: #000000;\" href=\"#ZurPerson\">... konzipiert Online-Trainings didaktisch und wirkungsvoll.<\/a><\/span><\/h4>\n<h4 style=\"text-align: left;\"><span style=\"color: #000000;\"><a style=\"color: #000000;\" href=\"#ZurPerson\">... dokumentiert systematisch, hochwertig und pr\u00e4zise.<\/a><\/span><\/h4>\n<\/div><\/div><\/div><div id=\"panel-2-2-1-1\" class=\"so-panel widget widget_sow-editor panel-last-child\" data-index=\"9\" ><div style=\"text-align: left;\" data-title-color=\"#443f3f\" data-headings-color=\"#443f3f\" class=\"panel-widget-style panel-widget-style-for-2-2-1-1\" ><div\n\t\t\t\n\t\t\tclass=\"so-widget-sow-editor so-widget-sow-editor-base\"\n\t\t\t\n\t\t>\n<div class=\"siteorigin-widget-tinymce textwidget\">\n\t<h3 style=\"text-align: center;\"><span style=\"color: #ff0000;\"><strong><a style=\"color: #ff0000;\" href=\"http:\/\/lambrich.eu\/wp\/?page_id=58\">Kontakt aufnehmen ...<\/a><\/strong><\/span><\/h3>\n<\/div>\n<\/div><\/div><\/div><\/div><\/div><\/div><div id=\"pg-2-3\"  class=\"panel-grid panel-has-style\" ><div class=\"siteorigin-panels-stretch panel-row-style panel-row-style-for-2-3\" style=\"padding: 0px 0; \" data-stretch-type=\"full\" data-overlay=\"true\" data-overlay-color=\"#000000\" ><div id=\"pgc-2-3-0\"  class=\"panel-grid-cell\" ><div id=\"panel-2-3-0-0\" class=\"so-panel widget widget_black-studio-tinymce widget_black_studio_tinymce panel-first-child panel-last-child\" data-index=\"10\" ><div style=\"text-align: left;\" data-title-color=\"#443f3f\" data-headings-color=\"#443f3f\" class=\"panel-widget-style panel-widget-style-for-2-3-0-0\" ><div class=\"textwidget\"><h2 style=\"text-align: left;\"><span style=\"color: #000000;\">Projektbeispiele: Online-Trainings, Projekte & B\u00fccher<\/span><\/h3>\n<\/div><\/div><\/div><\/div><\/div><\/div><div id=\"pg-2-4\"  class=\"panel-grid panel-has-style\" ><div style=\"padding: 0px 0; \" data-overlay=\"true\" data-overlay-color=\"#000000\" class=\"panel-row-style panel-row-style-for-2-4\" ><div id=\"pgc-2-4-0\"  class=\"panel-grid-cell\" ><div id=\"panel-2-4-0-0\" class=\"so-panel widget widget_sow-image panel-first-child\" data-index=\"11\" ><div style=\"text-align: left;\" data-title-color=\"#443f3f\" data-headings-color=\"#443f3f\" class=\"panel-widget-style panel-widget-style-for-2-4-0-0\" ><div\n\t\t\t\n\t\t\tclass=\"so-widget-sow-image so-widget-sow-image-default-dbf295114b96-2\"\n\t\t\t\n\t\t>\n<div class=\"sow-image-container\">\n\t\t\t<a href=\"https:\/\/www.linkedin.com\/learning\/microsoft-teams-tipps-fur-eilige\"\n\t\t\ttarget=\"_blank\" rel=\"noopener noreferrer\" \t\t>\n\t\t\t<img \n\tsrc=\"https:\/\/lambrich.eu\/wp\/wp-content\/uploads\/2022\/02\/Sab_LinkedIn-e1645896111547-768x462.jpg\" width=\"768\" height=\"462\" srcset=\"https:\/\/lambrich.eu\/wp\/wp-content\/uploads\/2022\/02\/Sab_LinkedIn-e1645896111547-768x462.jpg 768w, https:\/\/lambrich.eu\/wp\/wp-content\/uploads\/2022\/02\/Sab_LinkedIn-e1645896111547-300x180.jpg 300w, https:\/\/lambrich.eu\/wp\/wp-content\/uploads\/2022\/02\/Sab_LinkedIn-e1645896111547-230x138.jpg 230w, https:\/\/lambrich.eu\/wp\/wp-content\/uploads\/2022\/02\/Sab_LinkedIn-e1645896111547-350x210.jpg 350w, https:\/\/lambrich.eu\/wp\/wp-content\/uploads\/2022\/02\/Sab_LinkedIn-e1645896111547-480x288.jpg 480w, https:\/\/lambrich.eu\/wp\/wp-content\/uploads\/2022\/02\/Sab_LinkedIn-e1645896111547.jpg 787w\" sizes=\"(max-width: 768px) 100vw, 768px\" title=\"Microsoft Teams - Tipps f\u00fcr Eilige\" alt=\"\" \t\tclass=\"so-widget-image\"\/>\n\t\t\t<\/a><\/div>\n\n<\/div><\/div><\/div><div id=\"panel-2-4-0-1\" class=\"so-panel widget widget_black-studio-tinymce widget_black_studio_tinymce panel-last-child\" data-index=\"12\" ><div style=\"text-align: left;\" data-title-color=\"#443f3f\" data-headings-color=\"#443f3f\" class=\"panel-widget-style panel-widget-style-for-2-4-0-1\" ><div class=\"textwidget\"><h4 style=\"text-align: left;\"><span style=\"color: #000000;\">Microsoft Teams: Tipps f\u00fcr Eilige <\/span><\/h4>\n<p><span class=\"produktbeschreibung_def\"><span style=\"color: #000000;\">In diesem Kurs finden Sie kurze n\u00fctzliche Tipps und Tricks, die neue Funktionen zeigen, effiziente Arbeitstechniken vorstellen und Gelerntes wieder auffrischen, das Sie vielleicht vergessen haben. Alle Videos behandeln jeweils ein Thema in ungef\u00e4hr einer Minute. Sie k\u00f6nnen also anfangen, wo Sie wollen, und sich mit wenig Aufwand und Zeit zum gew\u00fcnschten Thema informieren.<\/span><\/p>\n<\/div><\/div><\/div><\/div><div id=\"pgc-2-4-1\"  class=\"panel-grid-cell\" ><div id=\"panel-2-4-1-0\" class=\"so-panel widget widget_sow-image panel-first-child\" data-index=\"13\" ><div style=\"text-align: left;\" data-title-color=\"#443f3f\" data-headings-color=\"#443f3f\" class=\"panel-widget-style panel-widget-style-for-2-4-1-0\" ><div\n\t\t\t\n\t\t\tclass=\"so-widget-sow-image so-widget-sow-image-default-c67d20f9f743-2\"\n\t\t\t\n\t\t>\n<div class=\"sow-image-container\">\n\t\t\t<a href=\"http:\/\/www.buecher.de\/ni\/search_search\/quick_search\/q\/cXVlcnk9U2FiaW5lK0xhbWJyaWNoJnJlc3VsdHM9MTU=\/receiver_object\/shop_search_quicksearch\/\"\n\t\t\ttarget=\"_blank\" rel=\"noopener noreferrer\" \t\t>\n\t\t\t<img \n\tsrc=\"https:\/\/lambrich.eu\/wp\/wp-content\/uploads\/2014\/11\/windows-10fdx.jpg\" width=\"172\" height=\"234\" sizes=\"(max-width: 172px) 100vw, 172px\" title=\"Windows 10 f\u00fcr Dummies\" alt=\"\" \t\tclass=\"so-widget-image\"\/>\n\t\t\t<\/a><\/div>\n\n<\/div><\/div><\/div><div id=\"panel-2-4-1-1\" class=\"so-panel widget widget_black-studio-tinymce widget_black_studio_tinymce\" data-index=\"14\" ><div style=\"text-align: left;\" data-title-color=\"#443f3f\" data-headings-color=\"#443f3f\" class=\"panel-widget-style panel-widget-style-for-2-4-1-1\" ><div class=\"textwidget\"><h4 style=\"text-align: left;\"><span style=\"color: #000000;\">Windows 10 f\u00fcr Dummies<\/span><\/h4>\n<p><span class=\"produktbeschreibung_def\"><span style=\"color: #000000;\">Die \u00dcbersetzung von Sabine Lambrich zeigt in humorvoller Art, wie Sie sich sicher im neuen Startmen\u00fc von Windows 10 bewegen, wie Sie neue Funktionen nutzen und altbekannte wiederfinden. Das Buch unterst\u00fctzt Sie dabei, ein Heimnetzwerk einzurichten oder Ihre Daten von einem alten Computer auf einen neuen Windows 10-PC zu \u00fcbertragen.<\/span><\/p>\n<\/div><\/div><\/div><div id=\"panel-2-4-1-2\" class=\"so-panel widget widget_sydney_action sydney_action_widget panel-last-child\" data-index=\"15\" ><div style=\"text-align: left;\" data-title-color=\"#443f3f\" data-headings-color=\"#443f3f\" class=\"panel-widget-style panel-widget-style-for-2-4-1-2\" >        <div class=\"roll-promobox \">\r\n\t\t\t<div class=\"promo-wrap\">\r\n\t\t\t\t\t\t\t\t<div class=\"promo-controls\">\r\n\t\t\t\t\t<a href=\"http:\/\/lambrich.eu\/?page_id=41\" class=\"roll-button border\">Alle Produkte auf einen Blick ...<\/a>\r\n\t\t\t\t<\/div>\r\n\t\t\t<\/div>\r\n        <\/div>\r\n\t<\/div><\/div><\/div><div id=\"pgc-2-4-2\"  class=\"panel-grid-cell\" ><div id=\"panel-2-4-2-0\" class=\"so-panel widget widget_sow-image panel-first-child\" data-index=\"16\" ><div style=\"text-align: left;\" data-title-color=\"#443f3f\" data-headings-color=\"#443f3f\" class=\"panel-widget-style panel-widget-style-for-2-4-2-0\" ><div\n\t\t\t\n\t\t\tclass=\"so-widget-sow-image so-widget-sow-image-default-c67d20f9f743-2\"\n\t\t\t\n\t\t>\n<div class=\"sow-image-container\">\n\t\t\t<a href=\"http:\/\/www.buecher.de\/shop\/fachbuecher\/microsoft-word-2013-auf-einen-blick\/lambrich-sabine\/products_products\/detail\/prod_id\/36519852\/\"\n\t\t\ttarget=\"_blank\" rel=\"noopener noreferrer\" \t\t>\n\t\t\t<img \n\tsrc=\"https:\/\/lambrich.eu\/wp\/wp-content\/uploads\/2015\/06\/Word2013-auf-einen-Blick-Cover-230x195.jpg\" width=\"230\" height=\"195\" srcset=\"https:\/\/lambrich.eu\/wp\/wp-content\/uploads\/2015\/06\/Word2013-auf-einen-Blick-Cover-230x195.jpg 230w, https:\/\/lambrich.eu\/wp\/wp-content\/uploads\/2015\/06\/Word2013-auf-einen-Blick-Cover-300x254.jpg 300w, https:\/\/lambrich.eu\/wp\/wp-content\/uploads\/2015\/06\/Word2013-auf-einen-Blick-Cover.jpg 500w\" sizes=\"(max-width: 230px) 100vw, 230px\" title=\"Word 2013 auf einen Blick\" alt=\"\" \t\tclass=\"so-widget-image\"\/>\n\t\t\t<\/a><\/div>\n\n<\/div><\/div><\/div><div id=\"panel-2-4-2-1\" class=\"so-panel widget widget_black-studio-tinymce widget_black_studio_tinymce panel-last-child\" data-index=\"17\" ><div style=\"text-align: left;\" data-title-color=\"#443f3f\" data-headings-color=\"#443f3f\" class=\"panel-widget-style panel-widget-style-for-2-4-2-1\" ><div class=\"textwidget\"><h4><span style=\"color: #000000;\">Microsoft Word 2013 auf einen Blick<\/span><\/h4>\n<p><span class=\"produktbeschreibung_def\" style=\"color: #000000;\">Bild f\u00fcr Bild erkl\u00e4rt Ihnen dieses vollst\u00e4ndig farbige Buch, wie Sie typische Aufgaben mit Word 2013 erledigen. Dabei wird jede Aufgabe - wie das Erstellen und Bearbeiten von Dokumenten, das Einbinden von Bildern und Videos das Arbeiten in der Cloud - auf maximal einer Doppelseite dargestellt. Mit nummerierten Schritten und in verst\u00e4ndlicher Sprache. So macht Lernen Spa\u00df!\u00a0<\/span><\/p>\n<\/div><\/div><\/div><\/div><\/div><\/div><div id=\"pg-2-5\"  class=\"panel-grid panel-has-style\" ><div class=\"siteorigin-panels-stretch panel-row-style panel-row-style-for-2-5\" style=\"border-bottom: 1px solid #ef2121;padding: 0px 0; \" data-stretch-type=\"full\" data-overlay=\"true\" data-overlay-color=\"#000000\" ><div id=\"pgc-2-5-0\"  class=\"panel-grid-cell\" ><div id=\"panel-2-5-0-0\" class=\"so-panel widget widget_black-studio-tinymce widget_black_studio_tinymce panel-first-child panel-last-child\" data-index=\"18\" ><div style=\"text-align: left;\" data-title-color=\"#443f3f\" data-headings-color=\"#443f3f\" class=\"panel-widget-style panel-widget-style-for-2-5-0-0\" ><div class=\"textwidget\"><p><a Name=\"ZurPerson\"><\/a><\/p>\n<\/div><\/div><\/div><\/div><\/div><\/div><div id=\"pg-2-6\"  class=\"panel-grid panel-has-style\" ><div class=\"siteorigin-panels-stretch panel-row-style panel-row-style-for-2-6\" style=\"padding: 0px 0; \" data-stretch-type=\"full\" data-overlay=\"true\" data-overlay-color=\"#000000\" ><div id=\"pgc-2-6-0\"  class=\"panel-grid-cell\" ><div id=\"panel-2-6-0-0\" class=\"so-panel widget widget_black-studio-tinymce widget_black_studio_tinymce panel-first-child panel-last-child\" data-index=\"19\" ><div style=\"text-align: left;\" data-title-color=\"#443f3f\" data-headings-color=\"#443f3f\" class=\"panel-widget-style panel-widget-style-for-2-6-0-0\" ><div class=\"textwidget\"><h2 style=\"text-align: left;\"><span style=\"color: #000000;\">Sabine Lambrich<\/span><\/h3>\n<\/div><\/div><\/div><\/div><\/div><\/div><div id=\"pg-2-7\"  class=\"panel-grid panel-has-style\" ><div class=\"siteorigin-panels-stretch panel-row-style panel-row-style-for-2-7\" style=\"text-align: center;padding: 0px 0; \" data-stretch-type=\"full\" data-overlay=\"true\" data-overlay-color=\"#000000\" ><div id=\"pgc-2-7-0\"  class=\"panel-grid-cell\" ><div id=\"panel-2-7-0-0\" class=\"so-panel widget widget_sow-image panel-first-child\" data-index=\"20\" ><div style=\"text-align: left;\" data-title-color=\"#443f3f\" data-headings-color=\"#443f3f\" class=\"panel-widget-style panel-widget-style-for-2-7-0-0\" ><div\n\t\t\t\n\t\t\tclass=\"so-widget-sow-image so-widget-sow-image-default-dbf295114b96-2\"\n\t\t\t\n\t\t>\n<div class=\"sow-image-container\">\n\t\t\t<a href=\"https:\/\/lambrich.eu\/wp\/?page_id=58\"\n\t\t\t\t\t>\n\t\t\t<img \n\tsrc=\"https:\/\/lambrich.eu\/wp\/wp-content\/uploads\/2022\/02\/Sabine-8-scaled-e1645981313950-550x400.jpg\" width=\"550\" height=\"400\" sizes=\"(max-width: 550px) 100vw, 550px\" title=\"Sabine &#8211; (8)\" alt=\"\" \t\tclass=\"so-widget-image\"\/>\n\t\t\t<\/a><\/div>\n\n<\/div><\/div><\/div><div id=\"panel-2-7-0-1\" class=\"so-panel widget widget_siteorigin-panels-builder panel-last-child\" data-index=\"21\" ><div style=\"text-align: right;\" data-title-color=\"#443f3f\" data-headings-color=\"#443f3f\" class=\"panel-widget-style panel-widget-style-for-2-7-0-1\" ><div id=\"pl-w621cc9a69a3c2\"  class=\"panel-layout\" ><div id=\"pg-w621cc9a69a3c2-0\"  class=\"panel-grid panel-has-style\" ><div style=\"padding: 0px 0; \" data-overlay=\"true\" data-overlay-color=\"#000000\" class=\"panel-row-style panel-row-style-for-w621cc9a69a3c2-0\" ><div id=\"pgc-w621cc9a69a3c2-0-0\"  class=\"panel-grid-cell\" ><div id=\"panel-w621cc9a69a3c2-0-0-0\" class=\"so-panel widget widget_sow-image panel-first-child panel-last-child\" data-index=\"0\" ><div style=\"text-align: left;\" data-title-color=\"#443f3f\" data-headings-color=\"#443f3f\" class=\"panel-widget-style panel-widget-style-for-w621cc9a69a3c2-0-0-0\" ><div\n\t\t\t\n\t\t\tclass=\"so-widget-sow-image so-widget-sow-image-default-6ec9e3772f75\"\n\t\t\t\n\t\t>\n<div class=\"sow-image-container\">\n\t\t\t<a href=\"https:\/\/lambrich.eu\/wp\/?page_id=58\"\n\t\t\t\t\t>\n\t\t\t<img \n\tsrc=\"https:\/\/lambrich.eu\/wp\/wp-content\/uploads\/2022\/02\/Bild7-e1646053048714-230x121.jpg\" width=\"230\" height=\"121\" srcset=\"https:\/\/lambrich.eu\/wp\/wp-content\/uploads\/2022\/02\/Bild7-e1646053048714-230x121.jpg 230w, https:\/\/lambrich.eu\/wp\/wp-content\/uploads\/2022\/02\/Bild7-e1646053048714-300x158.jpg 300w, https:\/\/lambrich.eu\/wp\/wp-content\/uploads\/2022\/02\/Bild7-e1646053048714-350x184.jpg 350w, https:\/\/lambrich.eu\/wp\/wp-content\/uploads\/2022\/02\/Bild7-e1646053048714-480x252.jpg 480w, https:\/\/lambrich.eu\/wp\/wp-content\/uploads\/2022\/02\/Bild7-e1646053048714.jpg 579w\" sizes=\"(max-width: 230px) 100vw, 230px\" title=\"Bild7\" alt=\"\" \t\tclass=\"so-widget-image\"\/>\n\t\t\t<\/a><\/div>\n\n<\/div><\/div><\/div><\/div><div id=\"pgc-w621cc9a69a3c2-0-1\"  class=\"panel-grid-cell\" ><div id=\"panel-w621cc9a69a3c2-0-1-0\" class=\"so-panel widget widget_sow-editor panel-first-child panel-last-child\" data-index=\"1\" ><div style=\"text-align: left;\" data-title-color=\"#443f3f\" data-headings-color=\"#443f3f\" class=\"panel-widget-style panel-widget-style-for-w621cc9a69a3c2-0-1-0\" ><div\n\t\t\t\n\t\t\tclass=\"so-widget-sow-editor so-widget-sow-editor-base\"\n\t\t\t\n\t\t>\n<div class=\"siteorigin-widget-tinymce textwidget\">\n\t<h4 style=\"text-align: left;\"><a href=\"https:\/\/lambrich.eu\/wp\/?page_id=58\">Kontakt aufnehmen ...<\/a><\/h4>\n<\/div>\n<\/div><\/div><\/div><\/div><\/div><\/div><\/div><\/div><\/div><\/div><div id=\"pgc-2-7-1\"  class=\"panel-grid-cell panel-grid-cell-mobile-last\" ><div id=\"panel-2-7-1-0\" class=\"so-panel widget widget_black-studio-tinymce widget_black_studio_tinymce panel-first-child panel-last-child\" data-index=\"22\" ><div style=\"text-align: left;\" data-title-color=\"#443f3f\" data-headings-color=\"#443f3f\" class=\"panel-widget-style panel-widget-style-for-2-7-1-0\" ><div class=\"textwidget\"><h4 style=\"text-align: left;\">Sabine ist Diplom-\u00dcbersetzerin f\u00fcr Englisch und Italienisch.<\/h4>\n<h4 style=\"text-align: left;\"><strong>Sie arbeitete zun\u00e4chst f\u00fcr Microsoft in Redmond, USA und lokalisierte dort verschiedene Microsoft-Produkte f\u00fcr den deutschen Markt. Seit mehr als 20 Jahren ist sie in M\u00fcnchen als Autorin und \u00dcbersetzerin t\u00e4tig.<\/strong><\/h4>\n<h4 style=\"text-align: left;\"><strong>Als \u00dcbersetzerin und Autorin ver\u00f6ffentlichte sie zahlreiche Fachb\u00fccher zu Themen rund um Word, Windows, Excel, Project und AutoCAD. Seit einigen Jahren entwickelt und lokalisiert sie auch Video-Trainings.<\/strong><\/h4>\n<h4 style=\"text-align: left;\"><strong>Bei ihrer Arbeit als Autorin geht es Sabine Lambrich vor allem darum, die Funktionsweise von Anwendungssoftware so zu vermitteln, dass Leser die Programme schnell, professionell und effizient einsetzen k\u00f6nnen.<\/strong><\/h4>\n<h4 style=\"text-align: left;\"><strong>Ihre \u00dcbersetzungen sind einerseits von gro\u00dfer Pr\u00e4zision und Professionalit\u00e4t gekennzeichnet und andrerseits so lokalisiert, dass sie sich ausgezeichnet in den deutschen Sprachraum einf\u00fcgen.<\/strong><\/h4>\n<\/div><\/div><\/div><\/div><div id=\"pgc-2-7-2\"  class=\"panel-grid-cell panel-grid-cell-empty\" ><\/div><\/div><\/div><\/div>","protected":false},"excerpt":{"rendered":"<p>\u00dcbersetzung und Lokalisierung von B\u00fcchern und Software, die fachlich korrekt und sprachlich verst\u00e4ndlich sind. Konzeption, Lokalisierung und Umsetzung von Video-Trainings, nicht nur [&hellip;]<\/p>\n","protected":false},"author":1,"featured_media":0,"parent":0,"menu_order":0,"comment_status":"open","ping_status":"open","template":"page-templates\/page_front-page.php","meta":{"ngg_post_thumbnail":0,"footnotes":""},"class_list":["post-2","page","type-page","status-publish","hentry"],"_links":{"self":[{"href":"https:\/\/lambrich.eu\/wp\/index.php?rest_route=\/wp\/v2\/pages\/2","targetHints":{"allow":["GET"]}}],"collection":[{"href":"https:\/\/lambrich.eu\/wp\/index.php?rest_route=\/wp\/v2\/pages"}],"about":[{"href":"https:\/\/lambrich.eu\/wp\/index.php?rest_route=\/wp\/v2\/types\/page"}],"author":[{"embeddable":true,"href":"https:\/\/lambrich.eu\/wp\/index.php?rest_route=\/wp\/v2\/users\/1"}],"replies":[{"embeddable":true,"href":"https:\/\/lambrich.eu\/wp\/index.php?rest_route=%2Fwp%2Fv2%2Fcomments&post=2"}],"version-history":[{"count":572,"href":"https:\/\/lambrich.eu\/wp\/index.php?rest_route=\/wp\/v2\/pages\/2\/revisions"}],"predecessor-version":[{"id":2103,"href":"https:\/\/lambrich.eu\/wp\/index.php?rest_route=\/wp\/v2\/pages\/2\/revisions\/2103"}],"wp:attachment":[{"href":"https:\/\/lambrich.eu\/wp\/index.php?rest_route=%2Fwp%2Fv2%2Fmedia&parent=2"}],"curies":[{"name":"wp","href":"https:\/\/api.w.org\/{rel}","templated":true}]}}